{"id":2442,"date":"2021-03-26T21:46:43","date_gmt":"2021-03-27T01:46:43","guid":{"rendered":"https:\/\/angelalangtry.ca\/repertoire-des-professionnels\/inspecteurs-de-batiment\/"},"modified":"2026-03-31T08:54:37","modified_gmt":"2026-03-31T12:54:37","slug":"inspecteurs-de-batiment","status":"publish","type":"page","link":"https:\/\/angelalangtry.ca\/fr\/repertoire-des-professionnels\/inspecteurs-de-batiment\/","title":{"rendered":"Inspecteurs de B\u00e2timent"},"content":{"rendered":"\t\t<div data-elementor-type=\"wp-page\" data-elementor-id=\"2442\" class=\"elementor elementor-2442 elementor-2430\" data-elementor-post-type=\"page\">\n\t\t\t\t\t\t<section class=\"elementor-section elementor-top-section elementor-element elementor-element-20cbde7 elementor-section-boxed elementor-section-height-default elementor-section-height-default\" data-id=\"20cbde7\" data-element_type=\"section\" data-e-type=\"section\">\n\t\t\t\t\t\t\t<div class=\"elementor-background-overlay\"><\/div>\n\t\t\t\t\t\t\t<div class=\"elementor-container elementor-column-gap-default\">\n\t\t\t\t\t<div class=\"elementor-column elementor-col-100 elementor-top-column elementor-element elementor-element-a43cb32\" data-id=\"a43cb32\" data-element_type=\"column\" data-e-type=\"column\">\n\t\t\t<div class=\"elementor-widget-wrap elementor-element-populated\">\n\t\t\t\t\t\t<div class=\"elementor-element elementor-element-96e7ba2 elementor-widget elementor-widget-button\" data-id=\"96e7ba2\" data-element_type=\"widget\" data-e-type=\"widget\" data-widget_type=\"button.default\">\n\t\t\t\t<div class=\"elementor-widget-container\">\n\t\t\t\t\t\t\t\t\t<div class=\"elementor-button-wrapper\">\n\t\t\t\t\t<a class=\"elementor-button elementor-button-link elementor-size-sm\" href=\"https:\/\/angelalangtry.ca\/fr\/repertoire-des-professionnels\/\" id=\"Return\">\n\t\t\t\t\t\t<span class=\"elementor-button-content-wrapper\">\n\t\t\t\t\t\t<span class=\"elementor-button-icon\">\n\t\t\t\t<svg aria-hidden=\"true\" class=\"e-font-icon-svg e-fas-search\" viewBox=\"0 0 512 512\" xmlns=\"http:\/\/www.w3.org\/2000\/svg\"><path d=\"M505 442.7L405.3 343c-4.5-4.5-10.6-7-17-7H372c27.6-35.3 44-79.7 44-128C416 93.1 322.9 0 208 0S0 93.1 0 208s93.1 208 208 208c48.3 0 92.7-16.4 128-44v16.3c0 6.4 2.5 12.5 7 17l99.7 99.7c9.4 9.4 24.6 9.4 33.9 0l28.3-28.3c9.4-9.4 9.4-24.6.1-34zM208 336c-70.7 0-128-57.2-128-128 0-70.7 57.2-128 128-128 70.7 0 128 57.2 128 128 0 70.7-57.2 128-128 128z\"><\/path><\/svg>\t\t\t<\/span>\n\t\t\t\t\t\t\t\t\t<span class=\"elementor-button-text\">Retour au r\u00e9pertoire des professionnels<\/span>\n\t\t\t\t\t<\/span>\n\t\t\t\t\t<\/a>\n\t\t\t\t<\/div>\n\t\t\t\t\t\t\t\t<\/div>\n\t\t\t\t<\/div>\n\t\t\t\t\t<\/div>\n\t\t<\/div>\n\t\t\t\t\t<\/div>\n\t\t<\/section>\n\t\t\t\t<section class=\"elementor-section elementor-top-section elementor-element elementor-element-af46398 elementor-section-boxed elementor-section-height-default elementor-section-height-default\" data-id=\"af46398\" data-element_type=\"section\" data-e-type=\"section\">\n\t\t\t\t\t\t<div class=\"elementor-container elementor-column-gap-default\">\n\t\t\t\t\t<div class=\"elementor-column elementor-col-100 elementor-top-column elementor-element elementor-element-85739ba\" data-id=\"85739ba\" data-element_type=\"column\" data-e-type=\"column\">\n\t\t\t<div class=\"elementor-widget-wrap elementor-element-populated\">\n\t\t\t\t\t\t<div class=\"elementor-element elementor-element-07a0aca elementor-widget elementor-widget-html\" data-id=\"07a0aca\" data-element_type=\"widget\" data-e-type=\"widget\" data-widget_type=\"html.default\">\n\t\t\t\t<div class=\"elementor-widget-container\">\n\t\t\t\t\t<style>\r\n.directory-disclaimer{\r\n  margin-top:40px;\r\n  background:#faf7ef;\r\n  border-left:4px solid #c8b273;\r\n  padding:18px 20px;\r\n  border-radius:8px;\r\n  font-size:14px;\r\n  line-height:1.7;\r\n  color:#555;\r\n}\r\n.directory-wrapper{max-width:1100px;margin:0 auto;font-family:inherit}\r\n.section-title{font-size:26px;margin:50px 0 25px;border-bottom:2px solid #eee;padding-bottom:10px}\r\n.directory-grid{display:grid;grid-template-columns:repeat(auto-fit,minmax(300px,1fr));gap:25px}\r\n.directory-card{background:#fff;padding:25px;border-radius:12px;box-shadow:0 6px 20px rgba(0,0,0,.06);transition:.2s ease}\r\n.directory-card:hover{transform:translateY(-4px);box-shadow:0 10px 25px rgba(0,0,0,.08)}\r\n.directory-name{font-size:20px;font-weight:600;margin-bottom:6px}\r\n.directory-role{font-size:14px;color:#888;margin-bottom:15px}\r\n.directory-info{font-size:15px;margin-bottom:8px}\r\n.directory-buttons{margin-top:15px;display:flex;gap:10px;flex-wrap:wrap}\r\n.directory-buttons a{text-decoration:none;font-size:14px;padding:8px 14px;border-radius:6px;background:#000;color:#fff;transition:.2s}\r\n.directory-buttons a:hover{background:#444}\r\n<\/style>\r\n\r\n<div class=\"directory-wrapper\">\r\n  <div class=\"section-title\">Inspecteurs en b\u00e2timent<\/div>\r\n  <div class=\"directory-grid\">\r\n\r\n    <div class=\"directory-card\">\r\n      <div class=\"directory-name\">Mose Home Inspection Services<\/div>\r\n      <div class=\"directory-role\">Carol Mose<\/div>\r\n      <div class=\"directory-info\">\ud83d\udcde 514-426-1095<\/div>\r\n      <div class=\"directory-info\">\u2709\ufe0f service@mosehomeinspection.com<\/div>\r\n      <div class=\"directory-buttons\">\r\n        <a href=\"tel:15144261095\">Appeler<\/a>\r\n        <a href=\"mailto:service@mosehomeinspection.com\">Courriel<\/a>\r\n        <a href=\"https:\/\/www.homeinspectionmontreal.com\" target=\"_blank\" rel=\"noopener\">Site web<\/a>\r\n      <\/div>\r\n    <\/div>\r\n\r\n    <div class=\"directory-card\">\r\n      <div class=\"directory-name\">Latitude 45 Inspections<\/div>\r\n      <div class=\"directory-role\">Charles Cobden<\/div>\r\n      <div class=\"directory-info\">\ud83d\udcde 514-835-4759<\/div>\r\n      <div class=\"directory-info\">\u2709\ufe0f charlescobden@gmail.com<\/div>\r\n      <div class=\"directory-buttons\">\r\n        <a href=\"tel:15148354759\">Appeler<\/a>\r\n        <a href=\"mailto:charlescobden@gmail.com\">Courriel<\/a>\r\n        <a href=\"https:\/\/www.montrealinspections.com\" target=\"_blank\" rel=\"noopener\">Site web<\/a>\r\n      <\/div>\r\n    <\/div>\r\n\r\n    <div class=\"directory-card\">\r\n      <div class=\"directory-name\">Inspectotech<\/div>\r\n      <div class=\"directory-role\">Charles-A. Durocher<\/div>\r\n      <div class=\"directory-info\">\ud83d\udcde 514-497-3840<\/div>\r\n      <div class=\"directory-info\">\u2709\ufe0f info@inspectotech.com<\/div>\r\n      <div class=\"directory-buttons\">\r\n        <a href=\"tel:15144973840\">Appeler<\/a>\r\n        <a href=\"mailto:info@inspectotech.com\">Courriel<\/a>\r\n        <a href=\"https:\/\/www.inspectotech.com\" target=\"_blank\" rel=\"noopener\">Site web<\/a>\r\n      <\/div>\r\n    <\/div>\r\n\r\n    <div class=\"directory-card\">\r\n      <div class=\"directory-name\">Jean Bluteau \u2013 Architecte<\/div>\r\n      <div class=\"directory-info\">\ud83d\udcde 514-367-0699<\/div>\r\n      <div class=\"directory-info\">\u2709\ufe0f jbainspections@gmail.com<\/div>\r\n      <div class=\"directory-buttons\">\r\n        <a href=\"tel:15143670699\">Appeler<\/a>\r\n        <a href=\"mailto:jbainspections@gmail.com\">Courriel<\/a>\r\n        <a href=\"https:\/\/www.jeanbluteau.com\" target=\"_blank\" rel=\"noopener\">Site web<\/a>\r\n      <\/div>\r\n    <\/div>\r\n\r\n    <div class=\"directory-card\">\r\n      <div class=\"directory-name\">Accord Inspection<\/div>\r\n      <div class=\"directory-role\">Zane Remeda<\/div>\r\n      <div class=\"directory-info\">\ud83d\udcde 514-577-3727<\/div>\r\n      <div class=\"directory-info\">\u2709\ufe0f info@accordinspection.com<\/div>\r\n      <div class=\"directory-buttons\">\r\n        <a href=\"tel:15145773727\">Appeler<\/a>\r\n        <a href=\"mailto:info@accordinspection.com\">Courriel<\/a>\r\n        <a href=\"https:\/\/www.accordinspection.com\" target=\"_blank\" rel=\"noopener\">Site web<\/a>\r\n      <\/div>\r\n    <\/div>\r\n\r\n    <div class=\"directory-card\">\r\n      <div class=\"directory-name\">Pro-Inspexx<\/div>\r\n      <div class=\"directory-role\">Peter Elliott ou Paul Duey<\/div>\r\n      <div class=\"directory-info\">\ud83d\udcde 514-966-6309<\/div>\r\n      <div class=\"directory-info\">\u2709\ufe0f peterelliott@pro-inspexx.com<\/div>\r\n      <div class=\"directory-buttons\">\r\n        <a href=\"tel:15149666309\">Appeler<\/a>\r\n        <a href=\"mailto:peterelliott@pro-inspexx.com\">Courriel<\/a>\r\n        <a href=\"https:\/\/pro-inspexx.com\/\" target=\"_blank\" rel=\"noopener\">Site web<\/a>\r\n      <\/div>\r\n    <\/div>\r\n\r\n    <div class=\"directory-card\">\r\n      <div class=\"directory-name\">Kalit\u00e9 Inspection (Rive-Sud)<\/div>\r\n      <div class=\"directory-role\">Rene Doucet<\/div>\r\n      <div class=\"directory-info\">\ud83d\udcde 438-869-1080<\/div>\r\n      <div class=\"directory-info\">\u2709\ufe0f info@kaliteinspection.ca<\/div>\r\n      <div class=\"directory-buttons\">\r\n        <a href=\"tel:14388691080\">Appeler<\/a>\r\n        <a href=\"mailto:info@kaliteinspection.ca\">Courriel<\/a>\r\n        <a href=\"https:\/\/www.kaliteinspection.ca\" target=\"_blank\" rel=\"noopener\">Site web<\/a>\r\n      <\/div>\r\n    <\/div>\r\n\r\n    <div class=\"directory-card\">\r\n      <div class=\"directory-name\">Enspeco<\/div>\r\n      <div class=\"directory-role\">Gary Bloomfield \/ Kevin Lantaff<\/div>\r\n      <div class=\"directory-info\">\ud83d\udcde Gary Bloomfield : 514-945-7732<\/div>\r\n      <div class=\"directory-info\">\ud83d\udcde Kevin Lantaff : 514-979-3506<\/div>\r\n      <div class=\"directory-info\">\u2709\ufe0f info@enspeco.ca<\/div>\r\n      <div class=\"directory-buttons\">\r\n        <a href=\"tel:15149457732\">Appeler Gary<\/a>\r\n        <a href=\"tel:15149793506\">Appeler Kevin<\/a>\r\n        <a href=\"mailto:info@enspeco.ca\">Courriel<\/a>\r\n        <a href=\"https:\/\/www.enspeco.ca\" target=\"_blank\" rel=\"noopener\">Site web<\/a>\r\n      <\/div>\r\n    <\/div>\r\n\r\n    <div class=\"directory-card\">\r\n      <div class=\"directory-name\">Les Inspections Domotech<\/div>\r\n      <div class=\"directory-role\">Philippe Mel<\/div>\r\n      <div class=\"directory-info\">\ud83d\udcde 514-585-6563<\/div>\r\n      <div class=\"directory-info\">\u2709\ufe0f philinndg@yahoo.ca<\/div>\r\n      <div class=\"directory-buttons\">\r\n        <a href=\"tel:15145856563\">Appeler<\/a>\r\n        <a href=\"mailto:philinndg@yahoo.ca\">Courriel<\/a>\r\n      <\/div>\r\n    <\/div>\r\n\r\n    <div class=\"directory-card\">\r\n      <div class=\"directory-name\">InspectaVu<\/div>\r\n      <div class=\"directory-role\">Paul St-Denis<\/div>\r\n      <div class=\"directory-info\">\ud83d\udcde 438-507-8288<\/div>\r\n      <div class=\"directory-buttons\">\r\n        <a href=\"tel:14385078288\">Appeler<\/a>\r\n        <a href=\"https:\/\/inspectavu.ca\/fr\/\" target=\"_blank\" rel=\"noopener\">Site web<\/a>\r\n      <\/div>\r\n    <\/div>\r\n\r\n  <\/div>\r\n<\/div>\r\n\r\n<div class=\"directory-disclaimer\">\r\n  <strong>Avis important&nbsp;:<\/strong> Les informations contenues sur ce site Web sont fournies \u00e0 titre informatif seulement. Angela Langtry, Angela Langtry Inc., Century 21 Real Estate LLC\u00ae, Century 21 Canada Limited Partnership\u00ae et Century 21 Immo-Plus\u00ae d\u00e9clinent express\u00e9ment toute responsabilit\u00e9 d\u00e9coulant de l\u2019utilisation des personnes, entreprises ou liens externes sugg\u00e9r\u00e9s et ne pourront, en aucun cas, \u00eatre tenus responsables de dommages sp\u00e9ciaux, directs, indirects, accessoires ou cons\u00e9cutifs r\u00e9sultant de l\u2019utilisation des recommandations ci-dessus. Toutes les recommandations sont fournies sans garantie.\r\n<\/div>\t\t\t\t<\/div>\n\t\t\t\t<\/div>\n\t\t\t\t<div class=\"elementor-element elementor-element-c14065d elementor-widget elementor-widget-spacer\" data-id=\"c14065d\" data-element_type=\"widget\" data-e-type=\"widget\" data-widget_type=\"spacer.default\">\n\t\t\t\t<div class=\"elementor-widget-container\">\n\t\t\t\t\t\t\t<div class=\"elementor-spacer\">\n\t\t\t<div class=\"elementor-spacer-inner\"><\/div>\n\t\t<\/div>\n\t\t\t\t\t\t<\/div>\n\t\t\t\t<\/div>\n\t\t\t\t\t<\/div>\n\t\t<\/div>\n\t\t\t\t\t<\/div>\n\t\t<\/section>\n\t\t\t\t<\/div>\n\t\t","protected":false},"excerpt":{"rendered":"<p>Retour au r\u00e9pertoire des professionnels .directory-disclaimer{ margin-top:40px; background:#faf7ef; border-left:4px solid #c8b273; padding:18px 20px; border-radius:8px; font-size:14px; line-height:1.7; color:#555; } .directory-wrapper{max-width:1100px;margin:0 auto;font-family:inherit} .section-title{font-size:26px;margin:50px 0 25px;border-bottom:2px solid #eee;padding-bottom:10px} .directory-grid{display:grid;grid-template-columns:repeat(auto-fit,minmax(300px,1fr));gap:25px} .directory-card{background:#fff;padding:25px;border-radius:12px;box-shadow:0 6px 20px rgba(0,0,0,.06);transition:.2s ease} .directory-card:hover{transform:translateY(-4px);box-shadow:0 10px 25px rgba(0,0,0,.08)} .directory-name{font-size:20px;font-weight:600;margin-bottom:6px} .directory-role{font-size:14px;color:#888;margin-bottom:15px} .directory-info{font-size:15px;margin-bottom:8px} .directory-buttons{margin-top:15px;display:flex;gap:10px;flex-wrap:wrap} .directory-buttons a{text-decoration:none;font-size:14px;padding:8px 14px;border-radius:6px;background:#000;color:#fff;transition:.2s} .directory-buttons a:hover{background:#444} Inspecteurs en b\u00e2timent Mose Home Inspection Services Carol Mose \ud83d\udcde 514-426-1095 [&hellip;]<\/p>\n","protected":false},"author":2,"featured_media":2131,"parent":2044,"menu_order":0,"comment_status":"closed","ping_status":"closed","template":"elementor_theme","meta":{"_monsterinsights_skip_tracking":false,"_monsterinsights_sitenote_active":false,"_monsterinsights_sitenote_note":"","_monsterinsights_sitenote_category":0,"footnotes":""},"class_list":["post-2442","page","type-page","status-publish","has-post-thumbnail","hentry"],"_links":{"self":[{"href":"https:\/\/angelalangtry.ca\/fr\/wp-json\/wp\/v2\/pages\/2442","targetHints":{"allow":["GET"]}}],"collection":[{"href":"https:\/\/angelalangtry.ca\/fr\/wp-json\/wp\/v2\/pages"}],"about":[{"href":"https:\/\/angelalangtry.ca\/fr\/wp-json\/wp\/v2\/types\/page"}],"author":[{"embeddable":true,"href":"https:\/\/angelalangtry.ca\/fr\/wp-json\/wp\/v2\/users\/2"}],"replies":[{"embeddable":true,"href":"https:\/\/angelalangtry.ca\/fr\/wp-json\/wp\/v2\/comments?post=2442"}],"version-history":[{"count":26,"href":"https:\/\/angelalangtry.ca\/fr\/wp-json\/wp\/v2\/pages\/2442\/revisions"}],"predecessor-version":[{"id":7875,"href":"https:\/\/angelalangtry.ca\/fr\/wp-json\/wp\/v2\/pages\/2442\/revisions\/7875"}],"up":[{"embeddable":true,"href":"https:\/\/angelalangtry.ca\/fr\/wp-json\/wp\/v2\/pages\/2044"}],"wp:featuredmedia":[{"embeddable":true,"href":"https:\/\/angelalangtry.ca\/fr\/wp-json\/wp\/v2\/media\/2131"}],"wp:attachment":[{"href":"https:\/\/angelalangtry.ca\/fr\/wp-json\/wp\/v2\/media?parent=2442"}],"curies":[{"name":"wp","href":"https:\/\/api.w.org\/{rel}","templated":true}]}}