{"id":2511,"date":"2021-04-01T10:41:34","date_gmt":"2021-04-01T14:41:34","guid":{"rendered":"https:\/\/angelalangtry.ca\/repertoire-des-professionnels\/arpenteurs-geometres\/"},"modified":"2026-04-12T10:20:45","modified_gmt":"2026-04-12T14:20:45","slug":"arpenteurs-geometres","status":"publish","type":"page","link":"https:\/\/angelalangtry.ca\/fr\/repertoire-des-professionnels\/arpenteurs-geometres\/","title":{"rendered":"Arpenteurs G\u00e9om\u00e8tres"},"content":{"rendered":"\t\t<div data-elementor-type=\"wp-page\" data-elementor-id=\"2511\" class=\"elementor elementor-2511 elementor-2503\" data-elementor-post-type=\"page\">\n\t\t\t\t\t\t<section class=\"elementor-section elementor-top-section elementor-element elementor-element-c112644 elementor-section-boxed elementor-section-height-default elementor-section-height-default\" data-id=\"c112644\" data-element_type=\"section\" data-e-type=\"section\">\n\t\t\t\t\t\t<div class=\"elementor-container elementor-column-gap-default\">\n\t\t\t\t\t<div class=\"elementor-column elementor-col-100 elementor-top-column elementor-element elementor-element-941aa1f\" data-id=\"941aa1f\" data-element_type=\"column\" data-e-type=\"column\">\n\t\t\t<div class=\"elementor-widget-wrap elementor-element-populated\">\n\t\t\t\t\t\t<div class=\"elementor-element elementor-element-fdac6f5 elementor-widget elementor-widget-spacer\" data-id=\"fdac6f5\" data-element_type=\"widget\" data-e-type=\"widget\" data-widget_type=\"spacer.default\">\n\t\t\t\t<div class=\"elementor-widget-container\">\n\t\t\t\t\t\t\t<div class=\"elementor-spacer\">\n\t\t\t<div class=\"elementor-spacer-inner\"><\/div>\n\t\t<\/div>\n\t\t\t\t\t\t<\/div>\n\t\t\t\t<\/div>\n\t\t\t\t\t<\/div>\n\t\t<\/div>\n\t\t\t\t\t<\/div>\n\t\t<\/section>\n\t\t\t\t<section class=\"elementor-section elementor-top-section elementor-element elementor-element-20cbde7 elementor-section-boxed elementor-section-height-default elementor-section-height-default\" data-id=\"20cbde7\" data-element_type=\"section\" data-e-type=\"section\">\n\t\t\t\t\t\t<div class=\"elementor-container elementor-column-gap-default\">\n\t\t\t\t\t<div class=\"elementor-column elementor-col-100 elementor-top-column elementor-element elementor-element-a43cb32\" data-id=\"a43cb32\" data-element_type=\"column\" data-e-type=\"column\">\n\t\t\t<div class=\"elementor-widget-wrap elementor-element-populated\">\n\t\t\t\t\t\t<div class=\"elementor-element elementor-element-96e7ba2 elementor-widget elementor-widget-button\" data-id=\"96e7ba2\" data-element_type=\"widget\" data-e-type=\"widget\" data-widget_type=\"button.default\">\n\t\t\t\t<div class=\"elementor-widget-container\">\n\t\t\t\t\t\t\t\t\t<div class=\"elementor-button-wrapper\">\n\t\t\t\t\t<a class=\"elementor-button elementor-button-link elementor-size-sm\" href=\"https:\/\/angelalangtry.ca\/fr\/repertoire-des-professionnels\/\" id=\"Return\">\n\t\t\t\t\t\t<span class=\"elementor-button-content-wrapper\">\n\t\t\t\t\t\t<span class=\"elementor-button-icon\">\n\t\t\t\t<svg aria-hidden=\"true\" class=\"e-font-icon-svg e-fas-search\" viewBox=\"0 0 512 512\" xmlns=\"http:\/\/www.w3.org\/2000\/svg\"><path d=\"M505 442.7L405.3 343c-4.5-4.5-10.6-7-17-7H372c27.6-35.3 44-79.7 44-128C416 93.1 322.9 0 208 0S0 93.1 0 208s93.1 208 208 208c48.3 0 92.7-16.4 128-44v16.3c0 6.4 2.5 12.5 7 17l99.7 99.7c9.4 9.4 24.6 9.4 33.9 0l28.3-28.3c9.4-9.4 9.4-24.6.1-34zM208 336c-70.7 0-128-57.2-128-128 0-70.7 57.2-128 128-128 70.7 0 128 57.2 128 128 0 70.7-57.2 128-128 128z\"><\/path><\/svg>\t\t\t<\/span>\n\t\t\t\t\t\t\t\t\t<span class=\"elementor-button-text\">Retour au r\u00e9pertoire des professionnels<\/span>\n\t\t\t\t\t<\/span>\n\t\t\t\t\t<\/a>\n\t\t\t\t<\/div>\n\t\t\t\t\t\t\t\t<\/div>\n\t\t\t\t<\/div>\n\t\t\t\t\t<\/div>\n\t\t<\/div>\n\t\t\t\t\t<\/div>\n\t\t<\/section>\n\t\t\t\t<section class=\"elementor-section elementor-top-section elementor-element elementor-element-af46398 elementor-section-boxed elementor-section-height-default elementor-section-height-default\" data-id=\"af46398\" data-element_type=\"section\" data-e-type=\"section\">\n\t\t\t\t\t\t<div class=\"elementor-container elementor-column-gap-default\">\n\t\t\t\t\t<div class=\"elementor-column elementor-col-100 elementor-top-column elementor-element elementor-element-85739ba\" data-id=\"85739ba\" data-element_type=\"column\" data-e-type=\"column\">\n\t\t\t<div class=\"elementor-widget-wrap elementor-element-populated\">\n\t\t\t\t\t\t<div class=\"elementor-element elementor-element-c14065d elementor-widget elementor-widget-spacer\" data-id=\"c14065d\" data-element_type=\"widget\" data-e-type=\"widget\" data-widget_type=\"spacer.default\">\n\t\t\t\t<div class=\"elementor-widget-container\">\n\t\t\t\t\t\t\t<div class=\"elementor-spacer\">\n\t\t\t<div class=\"elementor-spacer-inner\"><\/div>\n\t\t<\/div>\n\t\t\t\t\t\t<\/div>\n\t\t\t\t<\/div>\n\t\t\t\t\t<\/div>\n\t\t<\/div>\n\t\t\t\t\t<\/div>\n\t\t<\/section>\n\t\t\t\t<section class=\"elementor-section elementor-top-section elementor-element elementor-element-0544ea9 elementor-section-boxed elementor-section-height-default elementor-section-height-default\" data-id=\"0544ea9\" data-element_type=\"section\" data-e-type=\"section\">\n\t\t\t\t\t\t\t<div class=\"elementor-background-overlay\"><\/div>\n\t\t\t\t\t\t\t<div class=\"elementor-container elementor-column-gap-default\">\n\t\t\t\t\t<div class=\"elementor-column elementor-col-100 elementor-top-column elementor-element elementor-element-3f60192\" data-id=\"3f60192\" data-element_type=\"column\" data-e-type=\"column\">\n\t\t\t<div class=\"elementor-widget-wrap elementor-element-populated\">\n\t\t\t\t\t\t<div class=\"elementor-element elementor-element-c03829f elementor-widget elementor-widget-text-editor\" data-id=\"c03829f\" data-element_type=\"widget\" data-e-type=\"widget\" data-widget_type=\"text-editor.default\">\n\t\t\t\t<div class=\"elementor-widget-container\">\n\t\t\t\t\t\t\t\t\t<blockquote>\n<div class=\"gmail_default\">\n<p><span style=\"color: #808080;\"><strong><u>Normand Jean (Groupe SR)<\/u><\/strong><\/span><br \/>514-990-2333<br \/><a href=\"mailto:dgagnon@groupesr.ca\">dgagnon@groupesr.ca<\/a><\/p>\n<\/div>\n<\/blockquote>\n\t\t\t\t\t\t\t\t<\/div>\n\t\t\t\t<\/div>\n\t\t\t\t\t<\/div>\n\t\t<\/div>\n\t\t\t\t\t<\/div>\n\t\t<\/section>\n\t\t\t\t<section class=\"elementor-section elementor-top-section elementor-element elementor-element-4e0cbbf elementor-section-boxed elementor-section-height-default elementor-section-height-default\" data-id=\"4e0cbbf\" data-element_type=\"section\" data-e-type=\"section\">\n\t\t\t\t\t\t\t<div class=\"elementor-background-overlay\"><\/div>\n\t\t\t\t\t\t\t<div class=\"elementor-container elementor-column-gap-default\">\n\t\t\t\t\t<div class=\"elementor-column elementor-col-100 elementor-top-column elementor-element elementor-element-6d050c8\" data-id=\"6d050c8\" data-element_type=\"column\" data-e-type=\"column\">\n\t\t\t<div class=\"elementor-widget-wrap elementor-element-populated\">\n\t\t\t\t\t\t<div class=\"elementor-element elementor-element-ee31d99 elementor-widget elementor-widget-text-editor\" data-id=\"ee31d99\" data-element_type=\"widget\" data-e-type=\"widget\" data-widget_type=\"text-editor.default\">\n\t\t\t\t<div class=\"elementor-widget-container\">\n\t\t\t\t\t\t\t\t\t<blockquote>\n<div class=\"gmail_default\">\n<p><strong><u>Jean-Philippe Grondin<\/u><\/strong><br \/>514-508-3497<br \/><a href=\"mailto:info@jpgrondin.com\"><span style=\"font-style: inherit; font-weight: inherit;\">info@jpgrondin.com<\/span><\/a><br \/><a style=\"font-style: inherit; font-weight: inherit;\" href=\"http:\/\/www.jpgrondin.com\/\">www.jpgrondin.com<\/a><\/p>\n<\/div>\n<\/blockquote>\n\t\t\t\t\t\t\t\t<\/div>\n\t\t\t\t<\/div>\n\t\t\t\t<div class=\"elementor-element elementor-element-6bfeddb elementor-widget elementor-widget-text-editor\" data-id=\"6bfeddb\" data-element_type=\"widget\" data-e-type=\"widget\" data-widget_type=\"text-editor.default\">\n\t\t\t\t<div class=\"elementor-widget-container\">\n\t\t\t\t\t\t\t\t\t<blockquote>\n<div class=\"gmail_default\">\n<p><strong><u>Horizon<\/u><\/strong><br \/>514 626.0262<br \/><a href=\"https:\/\/www.horizonarpenteurs.com\/\" target=\"_blank\" rel=\"noopener\" data-saferedirecturl=\"https:\/\/www.google.com\/url?q=https:\/\/www.horizonarpenteurs.com\/&amp;source=gmail&amp;ust=1721834838409000&amp;usg=AOvVaw0-qvKpEaRi_QFQMcw-gZx3\">https:\/\/www.horizonarpenteurs.<wbr \/>com\/<\/a><\/p>\n<\/div>\n<\/blockquote>\n\t\t\t\t\t\t\t\t<\/div>\n\t\t\t\t<\/div>\n\t\t\t\t\t<\/div>\n\t\t<\/div>\n\t\t\t\t\t<\/div>\n\t\t<\/section>\n\t\t\t\t<section class=\"elementor-section elementor-top-section elementor-element elementor-element-0dd9a84 elementor-section-boxed elementor-section-height-default elementor-section-height-default\" data-id=\"0dd9a84\" data-element_type=\"section\" data-e-type=\"section\">\n\t\t\t\t\t\t\t<div class=\"elementor-background-overlay\"><\/div>\n\t\t\t\t\t\t\t<div class=\"elementor-container elementor-column-gap-default\">\n\t\t\t\t\t<div class=\"elementor-column elementor-col-100 elementor-top-column elementor-element elementor-element-20b28ac\" data-id=\"20b28ac\" data-element_type=\"column\" data-e-type=\"column\">\n\t\t\t<div class=\"elementor-widget-wrap elementor-element-populated\">\n\t\t\t\t\t\t<div class=\"elementor-element elementor-element-87000f5 elementor-widget elementor-widget-text-editor\" data-id=\"87000f5\" data-element_type=\"widget\" data-e-type=\"widget\" data-widget_type=\"text-editor.default\">\n\t\t\t\t<div class=\"elementor-widget-container\">\n\t\t\t\t\t\t\t\t\t<blockquote>\n<div class=\"gmail_default\">\n<p><strong><u>Labre &amp; Associ\u00e9s<\/u><\/strong><br \/>R\u00e9jean Archambault, a.g.<br \/>514-642-2000 ext. 325<br \/><a href=\"mailto:rarchambault@labre.qc.ca\">rarchambault@labre.qc.ca<\/a><\/p>\n<p>\u00a0<\/p>\n<\/div>\n<\/blockquote>\n\t\t\t\t\t\t\t\t<\/div>\n\t\t\t\t<\/div>\n\t\t\t\t\t<\/div>\n\t\t<\/div>\n\t\t\t\t\t<\/div>\n\t\t<\/section>\n\t\t\t\t<section class=\"elementor-section elementor-top-section elementor-element elementor-element-c378d89 elementor-section-boxed elementor-section-height-default elementor-section-height-default\" data-id=\"c378d89\" data-element_type=\"section\" data-e-type=\"section\">\n\t\t\t\t\t\t\t<div class=\"elementor-background-overlay\"><\/div>\n\t\t\t\t\t\t\t<div class=\"elementor-container elementor-column-gap-default\">\n\t\t\t\t\t<div class=\"elementor-column elementor-col-100 elementor-top-column elementor-element elementor-element-31326c8\" data-id=\"31326c8\" data-element_type=\"column\" data-e-type=\"column\">\n\t\t\t<div class=\"elementor-widget-wrap elementor-element-populated\">\n\t\t\t\t\t\t<div class=\"elementor-element elementor-element-c2e1e86 elementor-widget elementor-widget-text-editor\" data-id=\"c2e1e86\" data-element_type=\"widget\" data-e-type=\"widget\" data-widget_type=\"text-editor.default\">\n\t\t\t\t<div class=\"elementor-widget-container\">\n\t\t\t\t\t\t\t\t\t<blockquote>\n<div class=\"gmail_default\">\n<p><strong><u>Robert Katz<\/u><\/strong><br \/>514-341-3408<br \/><a href=\"mailto:admin@katz.qc.ca\">admin@katz.qc.ca<\/a><\/p>\n<\/div>\n<\/blockquote>\n\t\t\t\t\t\t\t\t<\/div>\n\t\t\t\t<\/div>\n\t\t\t\t\t<\/div>\n\t\t<\/div>\n\t\t\t\t\t<\/div>\n\t\t<\/section>\n\t\t\t\t<section class=\"elementor-section elementor-top-section elementor-element elementor-element-dfed81e elementor-section-boxed elementor-section-height-default elementor-section-height-default\" data-id=\"dfed81e\" data-element_type=\"section\" data-e-type=\"section\">\n\t\t\t\t\t\t\t<div class=\"elementor-background-overlay\"><\/div>\n\t\t\t\t\t\t\t<div class=\"elementor-container elementor-column-gap-default\">\n\t\t\t\t\t<div class=\"elementor-column elementor-col-100 elementor-top-column elementor-element elementor-element-38869fb\" data-id=\"38869fb\" data-element_type=\"column\" data-e-type=\"column\">\n\t\t\t<div class=\"elementor-widget-wrap elementor-element-populated\">\n\t\t\t\t\t\t<div class=\"elementor-element elementor-element-6501a70 elementor-widget elementor-widget-text-editor\" data-id=\"6501a70\" data-element_type=\"widget\" data-e-type=\"widget\" data-widget_type=\"text-editor.default\">\n\t\t\t\t<div class=\"elementor-widget-container\">\n\t\t\t\t\t\t\t\t\t<blockquote>\n<div class=\"gmail_default\">\n<p><strong><u>Groupe XYZ Civitas Division Charles-E Couture<\/u><\/strong><br \/>514-845-8547<\/p>\n<p>\u00a0<\/p>\n<\/div>\n<\/blockquote>\n\t\t\t\t\t\t\t\t<\/div>\n\t\t\t\t<\/div>\n\t\t\t\t\t<\/div>\n\t\t<\/div>\n\t\t\t\t\t<\/div>\n\t\t<\/section>\n\t\t\t\t<section class=\"elementor-section elementor-top-section elementor-element elementor-element-e5a826b elementor-section-boxed elementor-section-height-default elementor-section-height-default\" data-id=\"e5a826b\" data-element_type=\"section\" data-e-type=\"section\">\n\t\t\t\t\t\t<div class=\"elementor-container elementor-column-gap-default\">\n\t\t\t\t\t<div class=\"elementor-column elementor-col-100 elementor-top-column elementor-element elementor-element-93a343a\" data-id=\"93a343a\" data-element_type=\"column\" data-e-type=\"column\">\n\t\t\t<div class=\"elementor-widget-wrap elementor-element-populated\">\n\t\t\t\t\t\t<div class=\"elementor-element elementor-element-3bb7149 elementor-widget-divider--view-line elementor-widget elementor-widget-divider\" data-id=\"3bb7149\" data-element_type=\"widget\" data-e-type=\"widget\" data-widget_type=\"divider.default\">\n\t\t\t\t<div class=\"elementor-widget-container\">\n\t\t\t\t\t\t\t<div class=\"elementor-divider\">\n\t\t\t<span class=\"elementor-divider-separator\">\n\t\t\t\t\t\t<\/span>\n\t\t<\/div>\n\t\t\t\t\t\t<\/div>\n\t\t\t\t<\/div>\n\t\t\t\t\t<\/div>\n\t\t<\/div>\n\t\t\t\t\t<\/div>\n\t\t<\/section>\n\t\t\t\t<section class=\"elementor-section elementor-top-section elementor-element elementor-element-52fb88b elementor-section-boxed elementor-section-height-default elementor-section-height-default\" data-id=\"52fb88b\" data-element_type=\"section\" data-e-type=\"section\">\n\t\t\t\t\t\t<div class=\"elementor-container elementor-column-gap-default\">\n\t\t\t\t\t<div class=\"elementor-column elementor-col-100 elementor-top-column elementor-element elementor-element-c3f5782\" data-id=\"c3f5782\" data-element_type=\"column\" data-e-type=\"column\">\n\t\t\t<div class=\"elementor-widget-wrap elementor-element-populated\">\n\t\t\t\t\t\t<div class=\"elementor-element elementor-element-5007f58 elementor-widget elementor-widget-text-editor\" data-id=\"5007f58\" data-element_type=\"widget\" data-e-type=\"widget\" data-widget_type=\"text-editor.default\">\n\t\t\t\t<div class=\"elementor-widget-container\">\n\t\t\t\t\t\t\t\t\t<span style=\"color: #555555; font-family: 'Droid Sans', sans-serif; font-size: 10px; text-align: justify;\">L&rsquo;information contenue sur ce site est uniquement \u00e0 des fins g\u00e9n\u00e9rales. Angela Langtry, Angela Langtry Inc., Century 21 Real Estate LCC\u00ae, Century 21 Canada Limited Partnership\u00ae et Century 21 Immo-Plus\u00ae d\u00e9clinent express\u00e9ment toute responsabilit\u00e9 ou responsabilit\u00e9 concernant l&rsquo;utilisation des personnes, des soci\u00e9t\u00e9s et des liens externes sugg\u00e9r\u00e9s, en aucun cas, \u00eatre responsable des dommages sp\u00e9ciaux, directs, indirects, accessoires ou cons\u00e9cutifs pouvant survenir dans le cadre d&rsquo;une action contractuelle, d&rsquo;une n\u00e9gligence ou d&rsquo;un autre d\u00e9lit r\u00e9sultant de la connexion ou de l&rsquo;utilisation des recommandations susmentionn\u00e9es. Toutes les recommandations sont faites sans garantie.<\/span>\t\t\t\t\t\t\t\t<\/div>\n\t\t\t\t<\/div>\n\t\t\t\t\t<\/div>\n\t\t<\/div>\n\t\t\t\t\t<\/div>\n\t\t<\/section>\n\t\t\t\t<\/div>\n\t\t","protected":false},"excerpt":{"rendered":"<p>Retour au r\u00e9pertoire des professionnels Normand Jean (Groupe SR)514-990-2333dgagnon@groupesr.ca Jean-Philippe Grondin514-508-3497info@jpgrondin.comwww.jpgrondin.com Horizon514 626.0262https:\/\/www.horizonarpenteurs.com\/ Labre &amp; Associ\u00e9sR\u00e9jean Archambault, a.g.514-642-2000 ext. 325rarchambault@labre.qc.ca \u00a0 Robert Katz514-341-3408admin@katz.qc.ca Groupe XYZ Civitas Division Charles-E Couture514-845-8547 \u00a0 L&rsquo;information contenue sur ce site est uniquement \u00e0 des fins g\u00e9n\u00e9rales. Angela Langtry, Angela Langtry Inc., Century 21 Real Estate LCC\u00ae, Century 21 Canada Limited [&hellip;]<\/p>\n","protected":false},"author":2,"featured_media":2131,"parent":2044,"menu_order":0,"comment_status":"closed","ping_status":"closed","template":"elementor_theme","meta":{"_monsterinsights_skip_tracking":false,"_monsterinsights_sitenote_active":false,"_monsterinsights_sitenote_note":"","_monsterinsights_sitenote_category":0,"footnotes":""},"class_list":["post-2511","page","type-page","status-publish","has-post-thumbnail","hentry"],"_links":{"self":[{"href":"https:\/\/angelalangtry.ca\/fr\/wp-json\/wp\/v2\/pages\/2511","targetHints":{"allow":["GET"]}}],"collection":[{"href":"https:\/\/angelalangtry.ca\/fr\/wp-json\/wp\/v2\/pages"}],"about":[{"href":"https:\/\/angelalangtry.ca\/fr\/wp-json\/wp\/v2\/types\/page"}],"author":[{"embeddable":true,"href":"https:\/\/angelalangtry.ca\/fr\/wp-json\/wp\/v2\/users\/2"}],"replies":[{"embeddable":true,"href":"https:\/\/angelalangtry.ca\/fr\/wp-json\/wp\/v2\/comments?post=2511"}],"version-history":[{"count":9,"href":"https:\/\/angelalangtry.ca\/fr\/wp-json\/wp\/v2\/pages\/2511\/revisions"}],"predecessor-version":[{"id":7698,"href":"https:\/\/angelalangtry.ca\/fr\/wp-json\/wp\/v2\/pages\/2511\/revisions\/7698"}],"up":[{"embeddable":true,"href":"https:\/\/angelalangtry.ca\/fr\/wp-json\/wp\/v2\/pages\/2044"}],"wp:featuredmedia":[{"embeddable":true,"href":"https:\/\/angelalangtry.ca\/fr\/wp-json\/wp\/v2\/media\/2131"}],"wp:attachment":[{"href":"https:\/\/angelalangtry.ca\/fr\/wp-json\/wp\/v2\/media?parent=2511"}],"curies":[{"name":"wp","href":"https:\/\/api.w.org\/{rel}","templated":true}]}}