{"id":2553,"date":"2021-04-01T11:33:15","date_gmt":"2021-04-01T15:33:15","guid":{"rendered":"https:\/\/angelalangtry.ca\/repertoire-des-professionnels\/escaliers-en-aluminum\/"},"modified":"2026-03-31T08:54:38","modified_gmt":"2026-03-31T12:54:38","slug":"escaliers-en-aluminum","status":"publish","type":"page","link":"https:\/\/angelalangtry.ca\/fr\/repertoire-des-professionnels\/escaliers-en-aluminum\/","title":{"rendered":"Escaliers en Aluminum"},"content":{"rendered":"\t\t<div data-elementor-type=\"wp-page\" data-elementor-id=\"2553\" class=\"elementor elementor-2553 elementor-2548\" data-elementor-post-type=\"page\">\n\t\t\t\t\t\t<section class=\"elementor-section elementor-top-section elementor-element elementor-element-20cbde7 elementor-section-boxed elementor-section-height-default elementor-section-height-default\" data-id=\"20cbde7\" data-element_type=\"section\" data-e-type=\"section\">\n\t\t\t\t\t\t\t<div class=\"elementor-background-overlay\"><\/div>\n\t\t\t\t\t\t\t<div class=\"elementor-container elementor-column-gap-default\">\n\t\t\t\t\t<div class=\"elementor-column elementor-col-100 elementor-top-column elementor-element elementor-element-a43cb32\" data-id=\"a43cb32\" data-element_type=\"column\" data-e-type=\"column\">\n\t\t\t<div class=\"elementor-widget-wrap elementor-element-populated\">\n\t\t\t\t\t\t<div class=\"elementor-element elementor-element-96e7ba2 elementor-widget elementor-widget-button\" data-id=\"96e7ba2\" data-element_type=\"widget\" data-e-type=\"widget\" data-widget_type=\"button.default\">\n\t\t\t\t<div class=\"elementor-widget-container\">\n\t\t\t\t\t\t\t\t\t<div class=\"elementor-button-wrapper\">\n\t\t\t\t\t<a class=\"elementor-button elementor-button-link elementor-size-sm\" href=\"https:\/\/angelalangtry.ca\/fr\/repertoire-des-professionnels\/\" id=\"Return\">\n\t\t\t\t\t\t<span class=\"elementor-button-content-wrapper\">\n\t\t\t\t\t\t<span class=\"elementor-button-icon\">\n\t\t\t\t<svg aria-hidden=\"true\" class=\"e-font-icon-svg e-fas-search\" viewBox=\"0 0 512 512\" xmlns=\"http:\/\/www.w3.org\/2000\/svg\"><path d=\"M505 442.7L405.3 343c-4.5-4.5-10.6-7-17-7H372c27.6-35.3 44-79.7 44-128C416 93.1 322.9 0 208 0S0 93.1 0 208s93.1 208 208 208c48.3 0 92.7-16.4 128-44v16.3c0 6.4 2.5 12.5 7 17l99.7 99.7c9.4 9.4 24.6 9.4 33.9 0l28.3-28.3c9.4-9.4 9.4-24.6.1-34zM208 336c-70.7 0-128-57.2-128-128 0-70.7 57.2-128 128-128 70.7 0 128 57.2 128 128 0 70.7-57.2 128-128 128z\"><\/path><\/svg>\t\t\t<\/span>\n\t\t\t\t\t\t\t\t\t<span class=\"elementor-button-text\">Retour au r\u00e9pertoire des professionnels<\/span>\n\t\t\t\t\t<\/span>\n\t\t\t\t\t<\/a>\n\t\t\t\t<\/div>\n\t\t\t\t\t\t\t\t<\/div>\n\t\t\t\t<\/div>\n\t\t\t\t\t<\/div>\n\t\t<\/div>\n\t\t\t\t\t<\/div>\n\t\t<\/section>\n\t\t\t\t<section class=\"elementor-section elementor-top-section elementor-element elementor-element-af46398 elementor-section-boxed elementor-section-height-default elementor-section-height-default\" data-id=\"af46398\" data-element_type=\"section\" data-e-type=\"section\">\n\t\t\t\t\t\t<div class=\"elementor-container elementor-column-gap-default\">\n\t\t\t\t\t<div class=\"elementor-column elementor-col-100 elementor-top-column elementor-element elementor-element-85739ba\" data-id=\"85739ba\" data-element_type=\"column\" data-e-type=\"column\">\n\t\t\t<div class=\"elementor-widget-wrap elementor-element-populated\">\n\t\t\t\t\t\t<div class=\"elementor-element elementor-element-1700d47 elementor-widget elementor-widget-html\" data-id=\"1700d47\" data-element_type=\"widget\" data-e-type=\"widget\" data-widget_type=\"html.default\">\n\t\t\t\t<div class=\"elementor-widget-container\">\n\t\t\t\t\t<style>\r\n.directory-disclaimer{\r\n  margin-top:40px;\r\n  background:#faf7ef;\r\n  border-left:4px solid #c8b273;\r\n  padding:18px 20px;\r\n  border-radius:8px;\r\n  font-size:14px;\r\n  line-height:1.7;\r\n  color:#555;\r\n}\r\n.directory-wrapper{max-width:1100px;margin:0 auto;font-family:inherit}\r\n.section-title{font-size:26px;margin:50px 0 25px;border-bottom:2px solid #eee;padding-bottom:10px}\r\n.directory-grid{display:grid;grid-template-columns:repeat(auto-fit,minmax(300px,1fr));gap:25px}\r\n.directory-card{background:#fff;padding:25px;border-radius:12px;box-shadow:0 6px 20px rgba(0,0,0,.06);transition:.2s ease}\r\n.directory-card:hover{transform:translateY(-4px);box-shadow:0 10px 25px rgba(0,0,0,.08)}\r\n.directory-name{font-size:20px;font-weight:600;margin-bottom:6px}\r\n.directory-role{font-size:14px;color:#888;margin-bottom:15px}\r\n.directory-info{font-size:15px;margin-bottom:8px}\r\n.directory-buttons{margin-top:15px;display:flex;gap:10px;flex-wrap:wrap}\r\n.directory-buttons a{text-decoration:none;font-size:14px;padding:8px 14px;border-radius:6px;background:#000;color:#fff;transition:.2s}\r\n.directory-buttons a:hover{background:#444}\r\n<\/style>\r\n\r\n<div class=\"directory-wrapper\">\r\n  <div class=\"section-title\">Escaliers en aluminium<\/div>\r\n  <div class=\"directory-grid\">\r\n\r\n    <div class=\"directory-card\">\r\n      <div class=\"directory-name\">R\u00e9novation Daniel Chantal Inc.<\/div>\r\n      <div class=\"directory-role\">Daniel Chantal<\/div>\r\n      <div class=\"directory-info\">\ud83d\udcde 514-444-2298<\/div>\r\n      <div class=\"directory-info\">RBQ #8339-3876-35<\/div>\r\n      <div class=\"directory-buttons\">\r\n        <a href=\"tel:15144442298\">Appeler<\/a>\r\n        <a href=\"https:\/\/www.escalieraluminiumrdc.com\/\" target=\"_blank\" rel=\"noopener\">Site web<\/a>\r\n      <\/div>\r\n    <\/div>\r\n\r\n  <\/div>\r\n<\/div>\r\n\r\n<div class=\"directory-disclaimer\">\r\n  <strong>Avis important&nbsp;:<\/strong> Les informations contenues sur ce site Web sont fournies \u00e0 titre informatif seulement. Angela Langtry, Angela Langtry Inc., Century 21 Real Estate LLC\u00ae, Century 21 Canada Limited Partnership\u00ae et Century 21 Immo-Plus\u00ae d\u00e9clinent express\u00e9ment toute responsabilit\u00e9 d\u00e9coulant de l\u2019utilisation des personnes, entreprises ou liens externes sugg\u00e9r\u00e9s et ne pourront, en aucun cas, \u00eatre tenus responsables de dommages sp\u00e9ciaux, directs, indirects, accessoires ou cons\u00e9cutifs r\u00e9sultant de l\u2019utilisation des recommandations ci-dessus. Toutes les recommandations sont fournies sans garantie.\r\n<\/div>\t\t\t\t<\/div>\n\t\t\t\t<\/div>\n\t\t\t\t\t<\/div>\n\t\t<\/div>\n\t\t\t\t\t<\/div>\n\t\t<\/section>\n\t\t\t\t<\/div>\n\t\t","protected":false},"excerpt":{"rendered":"<p>Retour au r\u00e9pertoire des professionnels .directory-disclaimer{ margin-top:40px; background:#faf7ef; border-left:4px solid #c8b273; padding:18px 20px; border-radius:8px; font-size:14px; line-height:1.7; color:#555; } .directory-wrapper{max-width:1100px;margin:0 auto;font-family:inherit} .section-title{font-size:26px;margin:50px 0 25px;border-bottom:2px solid #eee;padding-bottom:10px} .directory-grid{display:grid;grid-template-columns:repeat(auto-fit,minmax(300px,1fr));gap:25px} .directory-card{background:#fff;padding:25px;border-radius:12px;box-shadow:0 6px 20px rgba(0,0,0,.06);transition:.2s ease} .directory-card:hover{transform:translateY(-4px);box-shadow:0 10px 25px rgba(0,0,0,.08)} .directory-name{font-size:20px;font-weight:600;margin-bottom:6px} .directory-role{font-size:14px;color:#888;margin-bottom:15px} .directory-info{font-size:15px;margin-bottom:8px} .directory-buttons{margin-top:15px;display:flex;gap:10px;flex-wrap:wrap} .directory-buttons a{text-decoration:none;font-size:14px;padding:8px 14px;border-radius:6px;background:#000;color:#fff;transition:.2s} .directory-buttons a:hover{background:#444} Escaliers en aluminium R\u00e9novation Daniel Chantal Inc. Daniel Chantal \ud83d\udcde 514-444-2298 [&hellip;]<\/p>\n","protected":false},"author":2,"featured_media":2131,"parent":2044,"menu_order":0,"comment_status":"closed","ping_status":"closed","template":"elementor_theme","meta":{"_monsterinsights_skip_tracking":false,"_monsterinsights_sitenote_active":false,"_monsterinsights_sitenote_note":"","_monsterinsights_sitenote_category":0,"footnotes":""},"class_list":["post-2553","page","type-page","status-publish","has-post-thumbnail","hentry"],"_links":{"self":[{"href":"https:\/\/angelalangtry.ca\/fr\/wp-json\/wp\/v2\/pages\/2553","targetHints":{"allow":["GET"]}}],"collection":[{"href":"https:\/\/angelalangtry.ca\/fr\/wp-json\/wp\/v2\/pages"}],"about":[{"href":"https:\/\/angelalangtry.ca\/fr\/wp-json\/wp\/v2\/types\/page"}],"author":[{"embeddable":true,"href":"https:\/\/angelalangtry.ca\/fr\/wp-json\/wp\/v2\/users\/2"}],"replies":[{"embeddable":true,"href":"https:\/\/angelalangtry.ca\/fr\/wp-json\/wp\/v2\/comments?post=2553"}],"version-history":[{"count":7,"href":"https:\/\/angelalangtry.ca\/fr\/wp-json\/wp\/v2\/pages\/2553\/revisions"}],"predecessor-version":[{"id":7877,"href":"https:\/\/angelalangtry.ca\/fr\/wp-json\/wp\/v2\/pages\/2553\/revisions\/7877"}],"up":[{"embeddable":true,"href":"https:\/\/angelalangtry.ca\/fr\/wp-json\/wp\/v2\/pages\/2044"}],"wp:featuredmedia":[{"embeddable":true,"href":"https:\/\/angelalangtry.ca\/fr\/wp-json\/wp\/v2\/media\/2131"}],"wp:attachment":[{"href":"https:\/\/angelalangtry.ca\/fr\/wp-json\/wp\/v2\/media?parent=2553"}],"curies":[{"name":"wp","href":"https:\/\/api.w.org\/{rel}","templated":true}]}}